{"id":17,"date":"2019-12-31T16:47:01","date_gmt":"2019-12-31T19:47:01","guid":{"rendered":"http:\/\/icastellano.org\/?page_id=17"},"modified":"2019-12-31T16:47:01","modified_gmt":"2019-12-31T19:47:01","slug":"sobre","status":"publish","type":"page","link":"https:\/\/igorcastellano.com\/en\/sobre\/","title":{"rendered":"About"},"content":{"rendered":"<p>Pai da Laura e de tr\u00eas pets fofuras, m\u00fasico e gamer confesso. Africanista e professor universit\u00e1rio nas horas n\u00e3o vagas. Andarilho do Sul.<\/p>","protected":false},"excerpt":{"rendered":"<p>Ayan Agalu \u00e9 um coletivo voltado \u00e0 difus\u00e3o art\u00edstica e filos\u00f3fica sobre cultura, sociedade, pol\u00edtica e religiosidade, com enfoque na representa\u00e7\u00e3o de ideias inclusivas e de s\u00edntese, que fortale\u00e7am a autonomia intelectual do Sul Global. <\/p>","protected":false},"author":1,"featured_media":0,"parent":0,"menu_order":1,"comment_status":"closed","ping_status":"closed","template":"","meta":{"_monsterinsights_skip_tracking":false,"_monsterinsights_sitenote_active":false,"_monsterinsights_sitenote_note":"","_monsterinsights_sitenote_category":0,"footnotes":""},"class_list":["post-17","page","type-page","status-publish","hentry"],"jetpack_sharing_enabled":true,"jetpack_likes_enabled":true,"_links":{"self":[{"href":"https:\/\/igorcastellano.com\/en\/wp-json\/wp\/v2\/pages\/17","targetHints":{"allow":["GET"]}}],"collection":[{"href":"https:\/\/igorcastellano.com\/en\/wp-json\/wp\/v2\/pages"}],"about":[{"href":"https:\/\/igorcastellano.com\/en\/wp-json\/wp\/v2\/types\/page"}],"author":[{"embeddable":true,"href":"https:\/\/igorcastellano.com\/en\/wp-json\/wp\/v2\/users\/1"}],"replies":[{"embeddable":true,"href":"https:\/\/igorcastellano.com\/en\/wp-json\/wp\/v2\/comments?post=17"}],"version-history":[{"count":0,"href":"https:\/\/igorcastellano.com\/en\/wp-json\/wp\/v2\/pages\/17\/revisions"}],"wp:attachment":[{"href":"https:\/\/igorcastellano.com\/en\/wp-json\/wp\/v2\/media?parent=17"}],"curies":[{"name":"wp","href":"https:\/\/api.w.org\/{rel}","templated":true}]}}