{"id":527,"date":"2024-10-25T15:29:40","date_gmt":"2024-10-25T18:29:40","guid":{"rendered":"https:\/\/igorcastellano.com\/?page_id=527"},"modified":"2024-10-25T15:29:40","modified_gmt":"2024-10-25T18:29:40","slug":"academico","status":"publish","type":"page","link":"https:\/\/igorcastellano.com\/en\/academico\/","title":{"rendered":"Academic"},"content":{"rendered":"<div class=\"wp-block-columns is-layout-flex wp-container-core-columns-is-layout-28f84493 wp-block-columns-is-layout-flex\">\n<div class=\"wp-block-column is-layout-flow wp-block-column-is-layout-flow\">\n<p class=\"has-x-small-font-size\">Sou professor do Departamento de Economia e Rela\u00e7\u00f5es Internacionais (DERI) da Universidade Federal de Santa Maria (UFSM), desde 2014. Conclu\u00ed meu doutorado em Estudos Estrat\u00e9gicos Internacionais (2015) pela Universidade Federal do Rio Grande do Sul (UFRGS), com per\u00edodo sandu\u00edche na University of Johannesburg, \u00c1frica do Sul (2013). Tamb\u00e9m sou mestre em Ci\u00eancia Pol\u00edtica (2011) pela UFRGS e bacharel em Rela\u00e7\u00f5es Internacionais (2008) pela UFRGS. Sou membro do corpo permanente do Programa de P\u00f3s-Gradua\u00e7\u00e3o em Rela\u00e7\u00f5es Internacionais (PPGRI) da UFSM desde sua funda\u00e7\u00e3o (em 2018) e exerci a fun\u00e7\u00e3o de coordenador deste PPG (2021-2023). Sou pesquisador do Grupo de Estudos em Capacidade Estatal, Seguran\u00e7a e Defesa (GECAP) da UFSM desde 2015. Desenvolvo atividades de ensino, pesquisa, extens\u00e3o e inova\u00e7\u00e3o com foco nas tem\u00e1ticas de Seguran\u00e7a Regional e Capacidade Estatal no Terceiro Mundo, aplicadas \u00e0 \u00c1frica, Am\u00e9rica do Sul e Oriente M\u00e9dio. Destaco os livros &#8216;Congo, a Guerra Mundial Africana: conflitos armados, constru\u00e7\u00e3o do estado e alternativas para a paz&#8217;, publicado no Brasil (2012) e Angola (2016), e &#8216;Pol\u00edtica Externa na \u00c1frica Austral: guerra, constru\u00e7\u00e3o do Estado e ordem regional (\u00c1frica do Sul, Angola, Mo\u00e7ambique, Zimb\u00e1bue e Nam\u00edbia)&#8217;, publicado no Brasil em 2017.<\/p>\n<\/div>\n\n\n\n<div class=\"wp-block-column is-layout-flow wp-block-column-is-layout-flow\">\n<div class=\"wp-block-buttons is-layout-flex wp-block-buttons-is-layout-flex\">\n<div class=\"wp-block-button has-custom-width wp-block-button__width-100\"><a class=\"wp-block-button__link wp-element-button\" href=\"http:\/\/lattes.cnpq.br\/7301233930780970\" target=\"_blank\" rel=\"noreferrer noopener\">cURR\u00cdCULO LATTES<\/a><\/div>\n\n\n\n<div class=\"wp-block-button has-custom-width wp-block-button__width-100\"><a class=\"wp-block-button__link wp-element-button\" href=\"https:\/\/ufsm.academia.edu\/IgorCastellano\" target=\"_blank\" rel=\"noreferrer noopener\">ACADEMIA.EDU<\/a><\/div>\n\n\n\n<div class=\"wp-block-button has-custom-width wp-block-button__width-100\"><a class=\"wp-block-button__link wp-element-button\" href=\"https:\/\/www.researchgate.net\/profile\/Igor-Castellano-Da-Silva\" target=\"_blank\" rel=\"noreferrer noopener\">RESEARCH GATE<\/a><\/div>\n\n\n\n<div class=\"wp-block-button has-custom-width wp-block-button__width-100\"><a class=\"wp-block-button__link wp-element-button\" href=\"https:\/\/orcid.org\/0000-0002-9763-5541\" target=\"_blank\" rel=\"noreferrer noopener\">orcid<\/a><\/div>\n\n\n\n<div class=\"wp-block-button has-custom-width wp-block-button__width-100\"><a class=\"wp-block-button__link wp-element-button\" href=\"https:\/\/www.ufsm.br\/grupos\/gecap\" target=\"_blank\" rel=\"noreferrer noopener\">GECAP\/UFSM<\/a><\/div>\n<\/div>\n<\/div>\n<\/div>\n\n\n\n<p><\/p>","protected":false},"excerpt":{"rendered":"<p>Sou professor do Departamento de Economia e Rela\u00e7\u00f5es Internacionais (DERI) da Universidade Federal de Santa Maria (UFSM), desde 2014. Conclu\u00ed meu doutorado em Estudos Estrat\u00e9gicos Internacionais (2015) pela Universidade Federal do Rio Grande do Sul (UFRGS), com per\u00edodo sandu\u00edche na University of Johannesburg, \u00c1frica do Sul (2013). Tamb\u00e9m sou mestre em Ci\u00eancia Pol\u00edtica (2011) pela [&hellip;]<\/p>","protected":false},"author":1,"featured_media":0,"parent":0,"menu_order":0,"comment_status":"closed","ping_status":"closed","template":"","meta":{"_monsterinsights_skip_tracking":false,"_monsterinsights_sitenote_active":false,"_monsterinsights_sitenote_note":"","_monsterinsights_sitenote_category":0,"footnotes":""},"class_list":["post-527","page","type-page","status-publish","hentry"],"jetpack_sharing_enabled":true,"jetpack_likes_enabled":true,"_links":{"self":[{"href":"https:\/\/igorcastellano.com\/en\/wp-json\/wp\/v2\/pages\/527","targetHints":{"allow":["GET"]}}],"collection":[{"href":"https:\/\/igorcastellano.com\/en\/wp-json\/wp\/v2\/pages"}],"about":[{"href":"https:\/\/igorcastellano.com\/en\/wp-json\/wp\/v2\/types\/page"}],"author":[{"embeddable":true,"href":"https:\/\/igorcastellano.com\/en\/wp-json\/wp\/v2\/users\/1"}],"replies":[{"embeddable":true,"href":"https:\/\/igorcastellano.com\/en\/wp-json\/wp\/v2\/comments?post=527"}],"version-history":[{"count":0,"href":"https:\/\/igorcastellano.com\/en\/wp-json\/wp\/v2\/pages\/527\/revisions"}],"wp:attachment":[{"href":"https:\/\/igorcastellano.com\/en\/wp-json\/wp\/v2\/media?parent=527"}],"curies":[{"name":"wp","href":"https:\/\/api.w.org\/{rel}","templated":true}]}}