{"id":627,"date":"2025-01-15T14:08:08","date_gmt":"2025-01-15T17:08:08","guid":{"rendered":"https:\/\/ayanagalu.wordpress.com\/?page_id=627"},"modified":"2025-01-15T14:08:08","modified_gmt":"2025-01-15T17:08:08","slug":"ideias","status":"publish","type":"page","link":"https:\/\/igorcastellano.com\/en\/ideias\/","title":{"rendered":"Ideas"},"content":{"rendered":"<p><em>Meus racunhos de ideias sobre o universo.<\/em><\/p>\n\n\n\n<p>Destaco aqui a se\u00e7\u00e3o <a href=\"https:\/\/igorcastellano.com\/en\/category\/ayan-agalu\/\">Ayan Agalu<\/a>, que conta com colabora\u00e7\u00f5es de parceiras e parceiros de reflex\u00f5es.<\/p>\n\n\n\n<p class=\"has-drop-cap\"><strong>Ayan Agalu<\/strong> \u00e9 um projeto voltado \u00e0 difus\u00e3o art\u00edstica e filos\u00f3fica sobre cultura, sociedade, pol\u00edtica e religiosidade, com enfoque na representa\u00e7\u00e3o de ideias inclusivas e de s\u00edntese, que fortale\u00e7am a autonomia intelectual do Sul Global.<\/p>\n\n\n\n<p>Atua na cria\u00e7\u00e3o, produ\u00e7\u00e3o, edi\u00e7\u00e3o e distribui\u00e7\u00e3o de conte\u00fado intelectual, art\u00edstico e cient\u00edfico: m\u00fasica, arte, filosofia, livros, pesquisas, pensamento social, pol\u00edtico e cultural, religiosidade. <\/p>\n\n\n\n<p>Ayan Agalu representa a propaga\u00e7\u00e3o das vozes e ritmos que movimentam e conectam o Universo. Somos todos partes de um todo, nossas escolhas afetam o coletivo e de quebra voltam como novas informa\u00e7\u00f5es, limites e op\u00e7\u00f5es. A ordem e desordem desse sistema complexo precisa de l\u00f3gica, precisa de sentimento, precisa do<strong> ax\u00e9 de ciclos, ritmos, vozes e tempos<\/strong>.<\/p>","protected":false},"excerpt":{"rendered":"<p>Meus racunhos de ideias sobre o universo. Destaco aqui a se\u00e7\u00e3o Ayan Agalu, que conta com colabora\u00e7\u00f5es de parceiras e parceiros de reflex\u00f5es. Ayan Agalu \u00e9 um projeto voltado \u00e0 difus\u00e3o art\u00edstica e filos\u00f3fica sobre cultura, sociedade, pol\u00edtica e religiosidade, com enfoque na representa\u00e7\u00e3o de ideias inclusivas e de s\u00edntese, que fortale\u00e7am a autonomia intelectual [&hellip;]<\/p>","protected":false},"author":1,"featured_media":0,"parent":0,"menu_order":0,"comment_status":"closed","ping_status":"closed","template":"","meta":{"_monsterinsights_skip_tracking":false,"_monsterinsights_sitenote_active":false,"_monsterinsights_sitenote_note":"","_monsterinsights_sitenote_category":0,"footnotes":""},"class_list":["post-627","page","type-page","status-publish","hentry"],"jetpack_sharing_enabled":true,"jetpack_likes_enabled":true,"_links":{"self":[{"href":"https:\/\/igorcastellano.com\/en\/wp-json\/wp\/v2\/pages\/627","targetHints":{"allow":["GET"]}}],"collection":[{"href":"https:\/\/igorcastellano.com\/en\/wp-json\/wp\/v2\/pages"}],"about":[{"href":"https:\/\/igorcastellano.com\/en\/wp-json\/wp\/v2\/types\/page"}],"author":[{"embeddable":true,"href":"https:\/\/igorcastellano.com\/en\/wp-json\/wp\/v2\/users\/1"}],"replies":[{"embeddable":true,"href":"https:\/\/igorcastellano.com\/en\/wp-json\/wp\/v2\/comments?post=627"}],"version-history":[{"count":0,"href":"https:\/\/igorcastellano.com\/en\/wp-json\/wp\/v2\/pages\/627\/revisions"}],"wp:attachment":[{"href":"https:\/\/igorcastellano.com\/en\/wp-json\/wp\/v2\/media?parent=627"}],"curies":[{"name":"wp","href":"https:\/\/api.w.org\/{rel}","templated":true}]}}